{"id":391,"date":"2025-11-21T02:28:54","date_gmt":"2025-11-21T02:28:54","guid":{"rendered":"https:\/\/www.camping-ladeveze.com\/index.php\/contact\/"},"modified":"2025-12-04T09:10:38","modified_gmt":"2025-12-04T09:10:38","slug":"contact","status":"publish","type":"page","link":"https:\/\/www.camping-ladeveze.com\/en\/contact\/","title":{"rendered":"Contact"},"content":{"rendered":"<h1>Contact us<\/h1>\n<div>\n<p>Camping La Dev\u00e8ze<br \/>410 chemin de la Dev\u00e8ze<br \/>46320 LIVERNON<\/p>\n<\/div>\n<ul>\n<li>\n<div>\n<p><a href=\"mailto:contact@camping-ladeveze.com\">To write to us<br \/>contact@camping-ladeveze.com<\/a><\/p>\n<\/div>\n<\/li>\n<li>\n<div>\n<p><a href=\"tel:+33565110009\" class=\"uk-link-text\">To call us<br \/>05.65.11.00.09<\/a><\/p>\n<\/div>\n<\/li>\n<\/ul>\n<div>\n<p>44.6448970,1.8559494<\/p>\n<h3>Camping La Dev\u00e8ze<\/h3>\n<div>\n<p>410, Chemin de la Dev\u00e8ze<br \/>46320 LIVERNON<\/p>\n<\/div>\n<\/div>\n<h2>To get to the campsite<\/h2>\n<ul>\n<li>\n<h3>Public transport<\/h3>\n<div>\n<p>Toulouse-Blagnac Airport: 166 km via the A20 motorway<br \/>Brive Airport: 75 km<br \/>Aurillac Airport: 80 km<br \/>Assier railway station: 5 km<br \/>Figeac railway station: 20 km<\/p>\n<\/div>\n<\/li>\n<li>\n<h3>GPS coordinates<\/h3>\n<div>\n<p>44\u00b038\u201944.2\u2033N 1\u00b051\u201920.1\u2033E<\/p>\n<\/div>\n<\/li>\n<li>\n<h3>By car\/motorbike<\/h3>\n<div>\n<p><strong>From the A20 motorway:<\/strong><br \/>Exit No. 56<br \/>AURILLAC \/ SARLAT \/ FIGEAC<br \/>then 25 km on the D802 towards FIGEAC.<\/p>\n<p><strong>From FIGEAC: <\/strong><br \/>take the D822 then the D802 towards the A20 motorway.<\/p>\n<\/div>\n<\/li>\n<\/ul>\n<p><!--more--><br \/>\n<!-- {\"type\":\"layout\",\"children\":[{\"name\":\"Hero\",\"type\":\"section\",\"props\":{\"animation\":\"slide-top\",\"divider_color_inherit_section\":true,\"divider_flip\":false,\"divider_height\":\"120\",\"divider_invert\":false,\"divider_layers_gap\":\"5\",\"divider_layers_opacity\":\"0.5\",\"divider_position\":\"bottom\",\"divider_position_center\":true,\"divider_responsive\":true,\"divider_shadow_blur_radius\":\"5\",\"divider_shadow_color\":\"#00000080\",\"divider_shadow_offset_x\":\"0\",\"divider_shadow_offset_y\":\"5\",\"divider_shape\":\"ink-2\",\"divider_width\":\"130\",\"header_transparent\":true,\"header_transparent_noplaceholder\":true,\"header_transparent_text_color\":\"light\",\"height\":\"viewport\",\"height_offset_top\":true,\"height_viewport\":70,\"image\":\"wp-content\\\/uploads\\\/2025\\\/11\\\/Chevreuils-scaled.jpeg\",\"image_effect\":\"parallax\",\"image_loading\":true,\"image_parallax_bgy\":\"-200 100%\",\"image_position\":\"top-center\",\"image_size\":\"cover\",\"overlap\":false,\"padding\":\"large\",\"padding_custom_bottom\":\"70\",\"padding_custom_top\":\"70\",\"style\":\"denary\",\"style_custom_color\":\"#ccc\",\"title_breakpoint\":\"xl\",\"title_position\":\"top-left\",\"title_rotation\":\"left\",\"vertical_align\":\"middle\",\"width\":\"small\"},\"children\":[{\"type\":\"row\",\"children\":[{\"type\":\"column\",\"props\":{\"image_loading\":true,\"image_position\":\"center-center\",\"image_size\":\"contain\",\"image_width\":\"690\",\"position_sticky_breakpoint\":\"m\",\"style\":\"card-default\",\"vertical_align\":\"middle\",\"width_medium\":\"1-1\"},\"children\":[{\"type\":\"headline\",\"props\":{\"content\":\"Contact us\",\"margin\":\"small\",\"text_align\":\"center\",\"title_element\":\"h1\",\"title_style\":\"h1\"}}]}],\"props\":{\"width\":\"xsmall\"}}]},{\"name\":\"Contact\",\"type\":\"section\",\"props\":{\"animation\":\"fade\",\"divider_height\":\"120\",\"divider_layers_gap\":\"5\",\"divider_layers_opacity\":\"0.5\",\"divider_position\":\"top\",\"divider_responsive\":true,\"divider_shadow_blur_radius\":\"5\",\"divider_shadow_color\":\"#00000080\",\"divider_shadow_offset_x\":\"0\",\"divider_shadow_offset_y\":\"5\",\"divider_width\":\"100\",\"header_transparent\":true,\"header_transparent_text_color\":\"dark\",\"image_loading\":true,\"image_position\":\"bottom-left\",\"image_width\":\"500\",\"media_visibility\":\"m\",\"padding_custom_bottom\":\"70\",\"padding_custom_top\":\"70\",\"padding_remove_bottom\":false,\"style\":\"default\",\"style_custom_color\":\"#ccc\",\"title_breakpoint\":\"xl\",\"title_position\":\"top-left\",\"title_rotation\":\"left\",\"vertical_align\":\"\",\"width\":\"large\"},\"children\":[{\"type\":\"row\",\"props\":{\"layout\":\"1-3,2-3\",\"margin\":\"xlarge\",\"margin_remove_bottom\":false,\"margin_remove_top\":false},\"children\":[{\"type\":\"column\",\"props\":{\"image_position\":\"center-center\",\"position_sticky_breakpoint\":\"m\",\"width_medium\":\"1-3\"},\"children\":[{\"type\":\"text\",\"props\":{\"column_breakpoint\":\"m\",\"content\":\"\n\n<p>Camping La Dev\\u00e8ze<br \\\/>410 chemin de la Dev\\u00e8ze<br \\\/>46320 LIVERNON<\\\/p>\",\"margin\":\"default\",\"text_align\":\"left\",\"text_align_breakpoint\":\"m\",\"text_align_fallback\":\"center\",\"text_style\":\"large\"}}]},{\"type\":\"column\",\"props\":{\"image_position\":\"center-center\",\"position_sticky_breakpoint\":\"m\",\"width_medium\":\"2-3\"},\"children\":[{\"type\":\"grid\",\"props\":{\"content_column_breakpoint\":\"m\",\"filter_align\":\"left\",\"filter_all\":true,\"filter_grid_breakpoint\":\"m\",\"filter_grid_width\":\"auto\",\"filter_position\":\"top\",\"filter_style\":\"tab\",\"grid_column_gap\":\"small\",\"grid_default\":\"1\",\"grid_divider\":false,\"grid_medium\":\"\",\"grid_parallax_y\":\"300\",\"grid_row_gap\":\"small\",\"grid_small\":\"2\",\"icon_width\":80,\"image_align\":\"top\",\"image_grid_breakpoint\":\"m\",\"image_grid_width\":\"1-2\",\"image_svg_color\":\"emphasis\",\"item_animation\":true,\"lightbox_bg_close\":true,\"link_style\":\"default\",\"link_text\":\"Read more\",\"margin\":\"medium\",\"margin_remove_bottom\":false,\"meta_align\":\"above-title\",\"meta_element\":\"div\",\"meta_style\":\"text-meta\",\"parallax_easing\":\"1\",\"show_content\":true,\"show_hover_image\":true,\"show_hover_video\":true,\"show_image\":true,\"show_link\":true,\"show_meta\":true,\"show_title\":true,\"show_video\":true,\"text_align\":\"left\",\"text_align_breakpoint\":\"m\",\"text_align_fallback\":\"center\",\"title_align\":\"top\",\"title_color\":\"muted\",\"title_element\":\"h2\",\"title_grid_breakpoint\":\"m\",\"title_grid_width\":\"1-2\",\"title_hover_style\":\"reset\",\"title_style\":\"h6\"},\"children\":[{\"type\":\"grid_item\",\"props\":{\"content\":\"\n\n<p><a href=\\\"mailto:contact@camping-ladeveze.com\\\">To write to us<br \\\/>contact@camping-ladeveze.com<\\\/a><\\\/p>\",\"icon\":\"\",\"meta\":\"\",\"title\":\"\"}},{\"type\":\"grid_item\",\"props\":{\"content\":\"\n\n<p><a href=\\\"tel:+33565110009\\\" class=\\\"uk-link-text\\\">To call us<br \\\/>05.65.11.00.09<\\\/a><\\\/p>\",\"icon\":\"\",\"meta\":\"\",\"title\":\"\"}}]}]}]}]},{\"name\":\"Map\",\"type\":\"section\",\"props\":{\"animation\":\"fade\",\"image_position\":\"center-center\",\"padding_remove_top\":true,\"style\":\"default\",\"title_breakpoint\":\"xl\",\"title_position\":\"top-left\",\"title_rotation\":\"left\",\"vertical_align\":\"\",\"width\":\"large\"},\"children\":[{\"type\":\"row\",\"children\":[{\"type\":\"column\",\"props\":{\"image_position\":\"center-center\",\"position_sticky_breakpoint\":\"m\",\"width_medium\":\"1-1\"},\"children\":[{\"type\":\"map\",\"props\":{\"content_margin\":\"remove\",\"controls\":true,\"dragging\":true,\"height\":\"600\",\"image_svg_color\":\"emphasis\",\"link_style\":\"default\",\"link_text\":\"Read more\",\"margin\":\"default\",\"max_zoom\":18,\"meta_align\":\"below-title\",\"meta_element\":\"div\",\"meta_style\":\"text-meta\",\"min_zoom\":0,\"poi\":false,\"show_content\":true,\"show_image\":true,\"show_link\":true,\"show_meta\":true,\"show_title\":true,\"title_element\":\"h3\",\"title_hover_style\":\"reset\",\"type\":\"roadmap\",\"zoom\":\"14\",\"zooming\":false},\"children\":[{\"type\":\"map_item\",\"props\":{\"content\":\"\n\n<p>410, Chemin de la Dev\\u00e8ze<br \\\/>46320 LIVERNON<\\\/p>\",\"hide\":false,\"location\":\"44.6448970,1.8559494\",\"title\":\"Camping La Dev\\u00e8ze\"}}]}]}]}]},{\"name\":\"Directions\",\"type\":\"section\",\"props\":{\"animation\":\"fade\",\"image_position\":\"center-center\",\"style\":\"default\",\"title_breakpoint\":\"xl\",\"title_position\":\"top-left\",\"title_rotation\":\"left\",\"vertical_align\":\"\",\"width\":\"large\"},\"children\":[{\"type\":\"row\",\"children\":[{\"type\":\"column\",\"props\":{\"image_position\":\"center-center\",\"position_sticky_breakpoint\":\"m\",\"width_medium\":\"1-1\"},\"children\":[{\"type\":\"headline\",\"props\":{\"content\":\"To get to the campsite\",\"margin_remove_bottom\":false,\"text_align\":\"center\",\"title_element\":\"h2\",\"title_style\":\"heading-medium\"}},{\"type\":\"grid\",\"props\":{\"content_column_breakpoint\":\"m\",\"filter_align\":\"left\",\"filter_all\":true,\"filter_grid_breakpoint\":\"m\",\"filter_grid_width\":\"auto\",\"filter_position\":\"top\",\"filter_style\":\"tab\",\"grid_column_gap\":\"medium\",\"grid_default\":\"1\",\"grid_divider\":false,\"grid_medium\":\"3\",\"icon_width\":80,\"image_align\":\"top\",\"image_grid_breakpoint\":\"m\",\"image_grid_width\":\"1-2\",\"image_svg_color\":\"emphasis\",\"item_animation\":true,\"item_maxwidth\":\"xlarge\",\"lightbox_bg_close\":true,\"link_style\":\"default\",\"link_text\":\"Read more\",\"margin\":\"large\",\"margin_remove_top\":false,\"meta_align\":\"below-title\",\"meta_element\":\"div\",\"meta_style\":\"text-meta\",\"panel_padding\":\"small\",\"panel_style\":\"card-default\",\"parallax_easing\":\"1\",\"show_content\":true,\"show_hover_image\":true,\"show_hover_video\":true,\"show_image\":true,\"show_link\":true,\"show_meta\":true,\"show_title\":true,\"show_video\":true,\"title_align\":\"top\",\"title_color\":\"muted\",\"title_element\":\"h3\",\"title_grid_breakpoint\":\"m\",\"title_grid_width\":\"1-2\",\"title_hover_style\":\"reset\",\"title_style\":\"h6\"},\"children\":[{\"type\":\"grid_item\",\"props\":{\"content\":\"\n\n<p>Toulouse-Blagnac Airport: 166 km via the A20 motorway<br \\\/>Brive Airport: 75 km<br \\\/>Aurillac Airport: 80 km<br \\\/>Assier railway station: 5 km<br \\\/>Figeac railway station: 20 km<\\\/p>\",\"title\":\"Public transport\"}},{\"type\":\"grid_item\",\"props\":{\"content\":\"\n\n<p>44\\u00b038\\u201944.2\\u2033N 1\\u00b051\\u201920.1\\u2033E<\\\/p>\",\"title\":\"GPS coordinates\"}},{\"type\":\"grid_item\",\"props\":{\"content\":\"\n\n<p><strong>From the A20 motorway:<\\\/strong><br \\\/>Exit No. 56<br \\\/>AURILLAC \\\/ SARLAT \\\/ FIGEAC<br \\\/>then 25 km on the D802 towards FIGEAC.<\\\/p>\\n\n\n<p><strong>From FIGEAC: <\\\/strong><br \\\/>take the D822 then the D802 towards the A20 motorway.<\\\/p>\",\"title\":\"By car\\\/motorbike\"}}]}]}]}]}],\"version\":\"4.5.32\"} --><\/p>\n","protected":false},"excerpt":{"rendered":"<p>Contact us Camping La Dev\u00e8ze410 chemin de la Dev\u00e8ze46320 LIVERNON To write to uscontact@camping-ladeveze.com To call us05.65.11.00.09 44.6448970,1.8559494 Camping La Dev\u00e8ze 410, Chemin de la Dev\u00e8ze46320 LIVERNON To get to the campsite Public transport Toulouse-Blagnac Airport: 166 km via the A20 motorwayBrive Airport: 75 kmAurillac Airport: 80 kmAssier railway station: 5 kmFigeac railway station: 20 [&hellip;]<\/p>\n","protected":false},"author":2,"featured_media":0,"parent":0,"menu_order":0,"comment_status":"closed","ping_status":"closed","template":"","meta":{"footnotes":""},"class_list":["post-391","page","type-page","status-publish","hentry"],"_links":{"self":[{"href":"https:\/\/www.camping-ladeveze.com\/en\/wp-json\/wp\/v2\/pages\/391","targetHints":{"allow":["GET"]}}],"collection":[{"href":"https:\/\/www.camping-ladeveze.com\/en\/wp-json\/wp\/v2\/pages"}],"about":[{"href":"https:\/\/www.camping-ladeveze.com\/en\/wp-json\/wp\/v2\/types\/page"}],"author":[{"embeddable":true,"href":"https:\/\/www.camping-ladeveze.com\/en\/wp-json\/wp\/v2\/users\/2"}],"replies":[{"embeddable":true,"href":"https:\/\/www.camping-ladeveze.com\/en\/wp-json\/wp\/v2\/comments?post=391"}],"version-history":[{"count":3,"href":"https:\/\/www.camping-ladeveze.com\/en\/wp-json\/wp\/v2\/pages\/391\/revisions"}],"predecessor-version":[{"id":480,"href":"https:\/\/www.camping-ladeveze.com\/en\/wp-json\/wp\/v2\/pages\/391\/revisions\/480"}],"wp:attachment":[{"href":"https:\/\/www.camping-ladeveze.com\/en\/wp-json\/wp\/v2\/media?parent=391"}],"curies":[{"name":"wp","href":"https:\/\/api.w.org\/{rel}","templated":true}]}}