{"id":389,"date":"2025-11-21T02:28:48","date_gmt":"2025-11-21T01:28:48","guid":{"rendered":"https:\/\/www.camping-ladeveze.com\/index.php\/tourisme\/"},"modified":"2025-12-03T10:05:38","modified_gmt":"2025-12-03T10:05:38","slug":"tourism","status":"publish","type":"page","link":"https:\/\/www.camping-ladeveze.com\/en\/tourism\/","title":{"rendered":"Tourism"},"content":{"rendered":"<h1>Tourism<\/h1>\n<h3>Created in 1999, the Causses du Quercy Regional Nature Park was designated a UNESCO Global Geopark in 2017 and helps to preserve the area&#8217;s geological and natural heritage. The local flora and European wildlife are showcased at the Gramat animal park.<\/h3>\n<ul>\n<li>\n<p>        <img decoding=\"async\" src=\"\/wp-content\/uploads\/2025\/12\/07082022-P1013387-scaled.jpg\" alt=\"\"><\/p>\n<h3>The black triangle of Quercy<\/h3>\n<div>\n<p>With its night sky free from light pollution, the famous black triangle of Quercy is a particularly privileged observation spot that attracts astronomical tourism. It stretches between Labastide-Murat, Livernon and Sauliac-sur-C\u00e9l\u00e9.<\/p>\n<\/div>\n<\/li>\n<li>\n<p>        <img decoding=\"async\" src=\"\/wp-content\/uploads\/2025\/12\/AdobeStock_442211601-opti.png\" alt=\"\"><\/p>\n<h3>Figeac<\/h3>\n<div>\n<p>Figeac is home to the Champollion Museum and a giant reproduction of the Rosetta Stone, deciphered by this local boy, one of the founders of modern Egyptology.<\/p>\n<\/div>\n<\/li>\n<li>\n<p>        <img decoding=\"async\" src=\"\/wp-content\/uploads\/photo-1632061253472-9c715a570b6c-scaled.jpg\" alt=\"\"><\/p>\n<h3>Un peu plus loin<\/h3>\n<div>\n<p>Come and visit magnificent sites such as Rocamadour, the Padirac chasm, St-Cirq-Lapopie, Pech-Merle, Ch\u00e2teau de C\u00e9nevi\u00e8res, Figeac, Cahors, Cajarc and Martel. For further information, please visit www.tourisme-lot.com<\/p>\n<p>Come and discover the Causses du Quercy Natural Park with its flora and fauna, the region&#8217;s numerous caves and the green banks of the Lot and C\u00e9l\u00e9 rivers.<\/p>\n<p><a href=\"https:\/\/www.parc-causses-du-quercy.fr\/\" target=\"_blank\" rel=\"noopener\">www.parc-causses-du-quercy.fr<\/a><br \/><a href=\"https:\/\/www.valleeducele.com\/\" target=\"_blank\" rel=\"noopener\">www.valleeducele.com<\/a><\/p>\n<\/div>\n<\/li>\n<\/ul>\n<h1>Activities &amp; tours<\/h1>\n<hr>\n<div>\n<p>    <iframe class=\"fs-api-widget\" src=\"https:\/\/wcf.tourinsoft.com\/Syndication\/cdt46\/3f807cb4-512b-4ade-b2dc-7ec2224130c7\/object\/0?%24zone=64&amp;%24Type=BC8D4B03-C252-426E-8874-8063938C99EE%2CD6778C9B-D363-4643-A075-4F7175EE0429%2C7A79AED4-F1CA-4F5A-88EC-3691ABF15825%2CC4B8C072-B2CC-4495-80AF-9E3DC714CF7B%2CFFFE36E9-08BE-4926-9507-116145BF5CFF%2CA2705E9D-80B6-4590-8938-2547913FB25E%2C\" width=\"100%\" height=\"1000\" frameborder=\"0\" marginwidth=\"0\" marginheight=\"0\" scrolling=\"no\"><\/iframe>\n<\/div>\n<h1>Cycling routes<\/h1>\n<hr>\n<div>\n<section class=\"av_textblock_section \" itemscope=\"itemscope\" itemtype=\"https:\/\/schema.org\/CreativeWork\">\n<div class=\"avia_textblock \" itemprop=\"text\">\n<p>Search through the websites provided to download walks to your GPS or find inspiration for exploring the surrounding area.<\/p>\n<p><b>Cycling Tours<\/b><\/p>\n<p><span style=\"color: #0000ee;\"><u>Bike &amp; Mountain Bike Trails \u2013 Lot-46.com<\/u><\/span><\/p>\n<p><b>GPS tracks:<\/b><\/p>\n<p><a href=\"http:\/\/www.vttrack.fr\/\" target=\"_blank\" rel=\"noopener\">http:\/\/www.vttrack.fr\/<\/a><\/p>\n<\/div>\n<\/section>\n<section class=\"av_textblock_section \" itemscope=\"itemscope\" itemtype=\"https:\/\/schema.org\/CreativeWork\">\n<div class=\"avia_textblock \" itemprop=\"text\">\n<p><b>Bicycle shop<\/b><\/p>\n<p>sales, repairs, accessories<\/p>\n<p><a href=\"http:\/\/www.monvelo.com\/catalog.html\" target=\"_blank\" rel=\"noopener\">http:\/\/www.monvelo.com\/catalog.html<\/a><\/p>\n<p><a href=\"https:\/\/www.bicycletterie-figeac.fr\/\" target=\"_blank\" rel=\"noopener\">http:\/\/www.bicycletterie-figeac.fr<\/a><\/p>\n<\/div>\n<\/section>\n<\/div>\n<h1>Cycling tours<\/h1>\n<hr>\n<div>\n<p>    <iframe class=\"fs-api-widget\" src=\"https:\/\/wcf.tourinsoft.com\/Syndication\/cdt46\/e6bfa10d-7c64-41cc-8c4d-7c577d96c726\/object\/0?%24zone=64&amp;%24Type=0F1A7F25-81C8-45E8-9322-474F4D52279D%2CCB7DC50C-FAD5-4F12-96E2-ECE576CD9B21%2C6795335C-E565-40BC-B019-DE628C7B23AD\" marginheight=\"0\" marginwidth=\"0\" frameborder=\"0\" height=\"1000\" scrolling=\"yes\" width=\"100%\"><\/iframe>\n<\/div>\n<h2>Are you coming by motorbike?<\/h2>\n<div>\n<p><b>Circuits moto<\/b><\/p>\n<p>On site, we have maps with three routes that can be modified depending on the weather and your preferences.<\/p>\n<p>We also have GPS routes (files for Garmin or Tomtom) for half-day or full-day trips, including monuments to visit and good restaurants where you can sample the local cuisine. We can email these to you once your booking has been confirmed.<\/p>\n<p>In the meantime, you can search for tours on the following websites:<\/p>\n<p><a href=\"https:\/\/www.lerepairedesmotards.com\/roadbook\/balades-lot.php\" target=\"_blank\" rel=\"noopener\">Repaire des motards<\/a><\/p>\n<p><a href=\"https:\/\/moto-trip.com\/recherche-balade-moto\" target=\"_blank\" rel=\"noopener\">MotoTrip<\/a><\/p>\n<p><b>Garage moto<\/b><\/p>\n<p>Moto challenge, 10 Avenue Bernard Fontanges in Figeac.<\/p>\n<\/div>\n<p><img decoding=\"async\" src=\"\/wp-content\/uploads\/2025\/11\/20180520_204942-scaled.jpg\" alt=\"\"><\/p>\n<p><!--more--><br \/>\n<!-- {\"type\":\"layout\",\"children\":[{\"name\":\"Hero\",\"type\":\"section\",\"props\":{\"animation\":\"slide-top\",\"divider_color_inherit_section\":true,\"divider_flip\":false,\"divider_height\":\"120\",\"divider_invert\":false,\"divider_layers_gap\":\"5\",\"divider_layers_opacity\":\"0.5\",\"divider_position\":\"bottom\",\"divider_position_center\":true,\"divider_responsive\":true,\"divider_shadow_blur_radius\":\"5\",\"divider_shadow_color\":\"#00000080\",\"divider_shadow_offset_x\":\"0\",\"divider_shadow_offset_y\":\"5\",\"divider_shape\":\"ink-2\",\"divider_width\":\"130\",\"header_transparent\":true,\"header_transparent_noplaceholder\":true,\"header_transparent_text_color\":\"light\",\"height\":\"viewport\",\"height_offset_top\":true,\"height_viewport\":70,\"image\":\"wp-content\\\/uploads\\\/2025\\\/11\\\/cycling-2520007_1280.jpg\",\"image_effect\":\"parallax\",\"image_loading\":true,\"image_parallax_bgy\":\"-200 100%\",\"image_position\":\"center-center\",\"image_size\":\"cover\",\"overlap\":false,\"padding\":\"large\",\"padding_custom_bottom\":\"70\",\"padding_custom_top\":\"70\",\"style\":\"denary\",\"style_custom_color\":\"#ccc\",\"title_breakpoint\":\"xl\",\"title_position\":\"top-left\",\"title_rotation\":\"left\",\"vertical_align\":\"middle\",\"width\":\"small\"},\"children\":[{\"type\":\"row\",\"children\":[{\"type\":\"column\",\"props\":{\"image_loading\":true,\"image_position\":\"center-center\",\"image_size\":\"contain\",\"image_width\":\"690\",\"position_sticky_breakpoint\":\"m\",\"style\":\"card-default\",\"vertical_align\":\"middle\",\"width_medium\":\"1-1\"},\"children\":[{\"type\":\"headline\",\"props\":{\"content\":\"Tourism\",\"margin\":\"small\",\"text_align\":\"center\",\"title_element\":\"h1\",\"title_style\":\"h1\"}}]}],\"props\":{\"width\":\"xsmall\"}}]},{\"type\":\"section\",\"props\":{\"divider_height\":\"120\",\"divider_layers_gap\":\"5\",\"divider_layers_opacity\":\"0.5\",\"divider_position\":\"top\",\"divider_responsive\":true,\"divider_shadow_blur_radius\":\"5\",\"divider_shadow_color\":\"#00000080\",\"divider_shadow_offset_x\":\"0\",\"divider_shadow_offset_y\":\"5\",\"divider_width\":\"100\",\"image_position\":\"center-center\",\"padding_custom_bottom\":\"70\",\"padding_custom_top\":\"70\",\"style\":\"default\",\"style_custom_color\":\"#ccc\",\"title_breakpoint\":\"xl\",\"title_position\":\"top-left\",\"title_rotation\":\"left\",\"vertical_align\":\"middle\",\"width\":\"default\"},\"children\":[{\"type\":\"row\",\"props\":{\"column_gap\":\"large\",\"margin\":\"large\",\"row_gap\":\"large\"},\"children\":[{\"type\":\"column\",\"props\":{\"image_position\":\"center-center\",\"position_sticky_breakpoint\":\"m\",\"vertical_align\":\"middle\"},\"children\":[{\"type\":\"headline\",\"props\":{\"animation\":\"slide-left-medium\",\"content\":\"Created in 1999, the Causses du Quercy Regional Nature Park was designated a UNESCO Global Geopark in 2017 and helps to preserve the area's geological and natural heritage. The local flora and European wildlife are showcased at the Gramat animal park.\",\"margin\":\"small\",\"text_align\":\"center\",\"text_align_breakpoint\":\"m\",\"text_align_fallback\":\"center\",\"title_element\":\"h3\",\"title_style\":\"heading-small\"}}]}]}]},{\"type\":\"section\",\"props\":{\"divider_height\":\"120\",\"divider_layers_gap\":\"5\",\"divider_layers_opacity\":\"0.5\",\"divider_position\":\"top\",\"divider_responsive\":true,\"divider_shadow_blur_radius\":\"5\",\"divider_shadow_color\":\"#00000080\",\"divider_shadow_offset_x\":\"0\",\"divider_shadow_offset_y\":\"5\",\"divider_width\":\"100\",\"image_position\":\"center-center\",\"padding_custom_bottom\":\"70\",\"padding_custom_top\":\"70\",\"style\":\"default\",\"style_custom_color\":\"#ccc\",\"title_breakpoint\":\"xl\",\"title_position\":\"top-left\",\"title_rotation\":\"left\",\"vertical_align\":\"middle\",\"width\":\"xlarge\"},\"children\":[{\"type\":\"row\",\"children\":[{\"type\":\"column\",\"props\":{\"image_position\":\"center-center\",\"position_sticky_breakpoint\":\"m\"},\"children\":[{\"type\":\"grid\",\"props\":{\"content_column_breakpoint\":\"m\",\"filter_align\":\"left\",\"filter_all\":true,\"filter_grid_breakpoint\":\"m\",\"filter_grid_width\":\"auto\",\"filter_position\":\"top\",\"filter_style\":\"tab\",\"grid_default\":\"1\",\"grid_medium\":\"3\",\"icon_width\":80,\"image_align\":\"top\",\"image_grid_breakpoint\":\"m\",\"image_grid_width\":\"1-2\",\"image_height\":500,\"image_svg_color\":\"emphasis\",\"image_width\":800,\"item_animation\":true,\"lightbox_bg_close\":true,\"link_style\":\"default\",\"link_text\":\"Read more\",\"margin\":\"default\",\"meta_align\":\"below-title\",\"meta_element\":\"div\",\"meta_style\":\"text-meta\",\"panel_image_no_padding\":true,\"panel_padding\":\"default\",\"panel_style\":\"card-default\",\"show_content\":true,\"show_hover_image\":true,\"show_hover_video\":true,\"show_image\":true,\"show_link\":true,\"show_meta\":true,\"show_title\":true,\"show_video\":true,\"title_align\":\"top\",\"title_element\":\"h3\",\"title_grid_breakpoint\":\"m\",\"title_grid_width\":\"1-2\",\"title_hover_style\":\"reset\"},\"children\":[{\"type\":\"grid_item\",\"props\":{\"content\":\"\n\n<p>With its night sky free from light pollution, the famous black triangle of Quercy is a particularly privileged observation spot that attracts astronomical tourism. It stretches between Labastide-Murat, Livernon and Sauliac-sur-C\\u00e9l\\u00e9.<\\\/p>\",\"image\":\"wp-content\\\/uploads\\\/2025\\\/12\\\/07082022-P1013387-scaled.jpg\",\"title\":\"The black triangle of Quercy\"}},{\"type\":\"grid_item\",\"props\":{\"content\":\"\n\n<p>Figeac is home to the Champollion Museum and a giant reproduction of the Rosetta Stone, deciphered by this local boy, one of the founders of modern Egyptology.<\\\/p>\",\"image\":\"wp-content\\\/uploads\\\/2025\\\/12\\\/AdobeStock_442211601-opti.png\",\"title\":\"Figeac\"}},{\"type\":\"grid_item\",\"props\":{\"content\":\"\n\n<p>Come and visit magnificent sites such as Rocamadour, the Padirac chasm, St-Cirq-Lapopie, Pech-Merle, Ch\\u00e2teau de C\\u00e9nevi\\u00e8res, Figeac, Cahors, Cajarc and Martel. For further information, please visit www.tourisme-lot.com<\\\/p>\\n\n\n<p>Come and discover the Causses du Quercy Natural Park with its flora and fauna, the region's numerous caves and the green banks of the Lot and C\\u00e9l\\u00e9 rivers.<\\\/p>\\n\n\n<p><a href=\\\"https:\\\/\\\/www.parc-causses-du-quercy.fr\\\/\\\" target=\\\"_blank\\\" rel=\\\"noopener\\\">www.parc-causses-du-quercy.fr<\\\/a><br \\\/><a href=\\\"https:\\\/\\\/www.valleeducele.com\\\/\\\" target=\\\"_blank\\\" rel=\\\"noopener\\\">www.valleeducele.com<\\\/a><\\\/p>\",\"image\":\"wp-content\\\/uploads\\\/photo-1632061253472-9c715a570b6c-scaled.jpg\",\"title\":\"Un peu plus loin\"}}]}]}]}]},{\"type\":\"section\",\"props\":{\"divider_height\":\"120\",\"divider_layers_gap\":\"5\",\"divider_layers_opacity\":\"0.5\",\"divider_position\":\"top\",\"divider_responsive\":true,\"divider_shadow_blur_radius\":\"5\",\"divider_shadow_color\":\"#00000080\",\"divider_shadow_offset_x\":\"0\",\"divider_shadow_offset_y\":\"5\",\"divider_width\":\"100\",\"image_position\":\"center-center\",\"padding_custom_bottom\":\"70\",\"padding_custom_top\":\"70\",\"style\":\"muted\",\"style_custom_color\":\"#ccc\",\"title_breakpoint\":\"xl\",\"title_position\":\"top-left\",\"title_rotation\":\"left\",\"vertical_align\":\"middle\",\"width\":\"xlarge\"},\"children\":[{\"type\":\"row\",\"children\":[{\"type\":\"column\",\"props\":{\"image_position\":\"center-center\",\"position_sticky_breakpoint\":\"m\",\"width_medium\":\"1-3\"},\"children\":[{\"type\":\"headline\",\"props\":{\"content\":\"Activities &amp; tours\",\"title_element\":\"h1\",\"title_style\":\"heading-medium\"}},{\"type\":\"divider\",\"props\":{\"divider_element\":\"hr\"}},{\"type\":\"html\",\"props\":{\"content\":\"<iframe class=\\\"fs-api-widget\\\" src=\\\"https:\\\/\\\/wcf.tourinsoft.com\\\/Syndication\\\/cdt46\\\/3f807cb4-512b-4ade-b2dc-7ec2224130c7\\\/object\\\/0?%24zone=64&amp;%24Type=BC8D4B03-C252-426E-8874-8063938C99EE%2CD6778C9B-D363-4643-A075-4F7175EE0429%2C7A79AED4-F1CA-4F5A-88EC-3691ABF15825%2CC4B8C072-B2CC-4495-80AF-9E3DC714CF7B%2CFFFE36E9-08BE-4926-9507-116145BF5CFF%2CA2705E9D-80B6-4590-8938-2547913FB25E%2C\\\" width=\\\"100%\\\" height=\\\"1000\\\" frameborder=\\\"0\\\" marginwidth=\\\"0\\\" marginheight=\\\"0\\\" scrolling=\\\"no\\\"><\\\/iframe>\"}}]},{\"type\":\"column\",\"props\":{\"image_position\":\"center-center\",\"position_sticky_breakpoint\":\"m\",\"width_medium\":\"1-3\"},\"children\":[{\"type\":\"headline\",\"props\":{\"content\":\"Cycling routes\",\"title_element\":\"h1\",\"title_style\":\"heading-medium\"}},{\"type\":\"divider\",\"props\":{\"divider_element\":\"hr\"}},{\"type\":\"text\",\"props\":{\"column_breakpoint\":\"m\",\"content\":\"\n\n<section class=\\\"av_textblock_section \\\" itemscope=\\\"itemscope\\\" itemtype=\\\"https:\\\/\\\/schema.org\\\/CreativeWork\\\">\\n\n\n<div class=\\\"avia_textblock \\\" itemprop=\\\"text\\\">\\n\n\n<p>Search through the websites provided to download walks to your GPS or find inspiration for exploring the surrounding area.<\\\/p>\\n\n\n<p><b>Cycling Tours<\\\/b><\\\/p>\\n\n\n<p><span style=\\\"color: #0000ee;\\\"><u>Bike &amp; Mountain Bike Trails \\u2013 Lot-46.com<\\\/u><\\\/span><\\\/p>\\n\n\n<p><b>GPS tracks:<\\\/b><\\\/p>\\n\n\n<p><a href=\\\"http:\\\/\\\/www.vttrack.fr\\\/\\\">http:\\\/\\\/www.vttrack.fr\\\/<\\\/a><\\\/p>\\n<\\\/div>\\n<\\\/section>\\n\n\n<section class=\\\"av_textblock_section \\\" itemscope=\\\"itemscope\\\" itemtype=\\\"https:\\\/\\\/schema.org\\\/CreativeWork\\\">\\n\n\n<div class=\\\"avia_textblock \\\" itemprop=\\\"text\\\">\\n\n\n<p><b>Bicycle shop<\\\/b><\\\/p>\\n\n\n<p>sales, repairs, accessories<\\\/p>\\n\n\n<p><a href=\\\"http:\\\/\\\/www.monvelo.com\\\/catalog.html\\\">http:\\\/\\\/www.monvelo.com\\\/catalog.html<\\\/a><\\\/p>\\n\n\n<p><a href=\\\"https:\\\/\\\/www.bicycletterie-figeac.fr\\\/\\\">http:\\\/\\\/www.bicycletterie-figeac.fr<\\\/a><\\\/p>\\n<\\\/div>\\n<\\\/section>\",\"margin\":\"default\"}}]},{\"type\":\"column\",\"props\":{\"image_position\":\"center-center\",\"position_sticky_breakpoint\":\"m\",\"width_medium\":\"1-3\"},\"children\":[{\"type\":\"headline\",\"props\":{\"content\":\"Cycling tours\",\"title_element\":\"h1\",\"title_style\":\"heading-medium\"}},{\"type\":\"divider\",\"props\":{\"divider_element\":\"hr\"}},{\"type\":\"html\",\"props\":{\"content\":\"<iframe class=\\\"fs-api-widget\\\" src=\\\"https:\\\/\\\/wcf.tourinsoft.com\\\/Syndication\\\/cdt46\\\/e6bfa10d-7c64-41cc-8c4d-7c577d96c726\\\/object\\\/0?%24zone=64&amp;%24Type=0F1A7F25-81C8-45E8-9322-474F4D52279D%2CCB7DC50C-FAD5-4F12-96E2-ECE576CD9B21%2C6795335C-E565-40BC-B019-DE628C7B23AD\\\" marginheight=\\\"0\\\" marginwidth=\\\"0\\\" frameborder=\\\"0\\\" height=\\\"1000\\\" scrolling=\\\"yes\\\" width=\\\"100%\\\"><\\\/iframe>\"}}]}],\"props\":{\"divider\":true,\"layout\":\"1-3,1-3,1-3\"}}]},{\"type\":\"section\",\"props\":{\"divider_height\":\"120\",\"divider_layers_gap\":\"5\",\"divider_layers_opacity\":\"0.5\",\"divider_position\":\"top\",\"divider_responsive\":true,\"divider_shadow_blur_radius\":\"5\",\"divider_shadow_color\":\"#00000080\",\"divider_shadow_offset_x\":\"0\",\"divider_shadow_offset_y\":\"5\",\"divider_width\":\"100\",\"image_position\":\"center-center\",\"padding_custom_bottom\":\"70\",\"padding_custom_top\":\"70\",\"style\":\"default\",\"style_custom_color\":\"#ccc\",\"title_breakpoint\":\"xl\",\"title_position\":\"top-left\",\"title_rotation\":\"left\",\"vertical_align\":\"middle\",\"width\":\"xlarge\"},\"children\":[{\"type\":\"row\",\"props\":{\"layout\":\"1-2,1-2\"},\"children\":[{\"type\":\"column\",\"props\":{\"image_position\":\"center-center\",\"position_sticky_breakpoint\":\"m\",\"width_medium\":\"1-2\"},\"children\":[{\"type\":\"headline\",\"props\":{\"content\":\"Are you coming by motorbike?\",\"title_element\":\"h2\",\"title_style\":\"heading-medium\"}},{\"type\":\"text\",\"props\":{\"column_breakpoint\":\"m\",\"content\":\"\n\n<p><b>Circuits moto<\\\/b><\\\/p>\\n\n\n<p>On site, we have maps with three routes that can be modified depending on the weather and your preferences.<\\\/p>\\n\n\n<p>We also have GPS routes (files for Garmin or Tomtom) for half-day or full-day trips, including monuments to visit and good restaurants where you can sample the local cuisine. We can email these to you once your booking has been confirmed.<\\\/p>\\n\n\n<p>In the meantime, you can search for tours on the following websites:<\\\/p>\\n\n\n<p><a href=\\\"https:\\\/\\\/www.lerepairedesmotards.com\\\/roadbook\\\/balades-lot.php\\\" target=\\\"_blank\\\" rel=\\\"noopener\\\">Repaire des motards<\\\/a><\\\/p>\\n\n\n<p><a href=\\\"https:\\\/\\\/moto-trip.com\\\/recherche-balade-moto\\\" target=\\\"_blank\\\" rel=\\\"noopener\\\">MotoTrip<\\\/a><\\\/p>\\n\n\n<p><b>Garage moto<\\\/b><\\\/p>\\n\n\n<p>Moto challenge, 10 Avenue Bernard Fontanges in Figeac.<\\\/p>\",\"margin\":\"default\"}}]},{\"type\":\"column\",\"props\":{\"image_position\":\"center-center\",\"position_sticky_breakpoint\":\"m\",\"width_medium\":\"1-2\"},\"children\":[{\"type\":\"image\",\"props\":{\"height_expand\":true,\"image\":\"wp-content\\\/uploads\\\/2025\\\/11\\\/20180520_204942-scaled.jpg\",\"image_box_decoration\":\"mask\",\"image_svg_color\":\"emphasis\",\"margin\":\"default\"}}]}]}]}],\"version\":\"4.5.32\"} --><\/p>\n","protected":false},"excerpt":{"rendered":"<p>Tourism Created in 1999, the Causses du Quercy Regional Nature Park was designated a UNESCO Global Geopark in 2017 and helps to preserve the area&#8217;s geological and natural heritage. The local flora and European wildlife are showcased at the Gramat animal park. The black triangle of Quercy With its night sky free from light pollution, [&hellip;]<\/p>\n","protected":false},"author":2,"featured_media":0,"parent":0,"menu_order":0,"comment_status":"closed","ping_status":"closed","template":"","meta":{"footnotes":""},"class_list":["post-389","page","type-page","status-publish","hentry"],"_links":{"self":[{"href":"https:\/\/www.camping-ladeveze.com\/en\/wp-json\/wp\/v2\/pages\/389","targetHints":{"allow":["GET"]}}],"collection":[{"href":"https:\/\/www.camping-ladeveze.com\/en\/wp-json\/wp\/v2\/pages"}],"about":[{"href":"https:\/\/www.camping-ladeveze.com\/en\/wp-json\/wp\/v2\/types\/page"}],"author":[{"embeddable":true,"href":"https:\/\/www.camping-ladeveze.com\/en\/wp-json\/wp\/v2\/users\/2"}],"replies":[{"embeddable":true,"href":"https:\/\/www.camping-ladeveze.com\/en\/wp-json\/wp\/v2\/comments?post=389"}],"version-history":[{"count":5,"href":"https:\/\/www.camping-ladeveze.com\/en\/wp-json\/wp\/v2\/pages\/389\/revisions"}],"predecessor-version":[{"id":425,"href":"https:\/\/www.camping-ladeveze.com\/en\/wp-json\/wp\/v2\/pages\/389\/revisions\/425"}],"wp:attachment":[{"href":"https:\/\/www.camping-ladeveze.com\/en\/wp-json\/wp\/v2\/media?parent=389"}],"curies":[{"name":"wp","href":"https:\/\/api.w.org\/{rel}","templated":true}]}}